{"id":138,"date":"2025-05-01T00:21:55","date_gmt":"2025-04-30T22:21:55","guid":{"rendered":"http:\/\/littlemediastudio.com\/elminicast\/?page_id=138"},"modified":"2025-07-18T10:59:21","modified_gmt":"2025-07-18T08:59:21","slug":"sobre-mi","status":"publish","type":"page","link":"https:\/\/littlemediastudio.com\/elminicast\/sobre-mi\/","title":{"rendered":"Sobre mi"},"content":{"rendered":"\t\t<div data-elementor-type=\"wp-page\" data-elementor-id=\"138\" class=\"elementor elementor-138\">\n\t\t\t\t<div class=\"elementor-element elementor-element-ad858d5 e-flex e-con-boxed e-con e-parent\" data-id=\"ad858d5\" data-element_type=\"container\">\n\t\t\t\t\t<div class=\"e-con-inner\">\n\t\t\t\t<div class=\"elementor-element elementor-element-802d178 elementor-widget elementor-widget-image\" data-id=\"802d178\" data-element_type=\"widget\" data-widget_type=\"image.default\">\n\t\t\t\t<div class=\"elementor-widget-container\">\n\t\t\t\t\t\t\t\t\t\t\t\t\t\t\t<img fetchpriority=\"high\" decoding=\"async\" width=\"2560\" height=\"1440\" src=\"https:\/\/littlemediastudio.com\/elminicast\/wp-content\/uploads\/2025\/07\/Minicast-S08E36-scaled.jpg\" class=\"attachment-full size-full wp-image-847\" alt=\"\" srcset=\"https:\/\/littlemediastudio.com\/elminicast\/wp-content\/uploads\/2025\/07\/Minicast-S08E36-scaled.jpg 2560w, https:\/\/littlemediastudio.com\/elminicast\/wp-content\/uploads\/2025\/07\/Minicast-S08E36-300x169.jpg 300w, https:\/\/littlemediastudio.com\/elminicast\/wp-content\/uploads\/2025\/07\/Minicast-S08E36-1024x576.jpg 1024w, https:\/\/littlemediastudio.com\/elminicast\/wp-content\/uploads\/2025\/07\/Minicast-S08E36-768x432.jpg 768w, https:\/\/littlemediastudio.com\/elminicast\/wp-content\/uploads\/2025\/07\/Minicast-S08E36-1536x864.jpg 1536w, https:\/\/littlemediastudio.com\/elminicast\/wp-content\/uploads\/2025\/07\/Minicast-S08E36-2048x1152.jpg 2048w\" sizes=\"(max-width: 2560px) 100vw, 2560px\" \/>\t\t\t\t\t\t\t\t\t\t\t\t\t\t\t<\/div>\n\t\t\t\t<\/div>\n\t\t\t\t\t<\/div>\n\t\t\t\t<\/div>\n\t\t<div class=\"elementor-element elementor-element-3aa9677 e-flex e-con-boxed e-con e-parent\" data-id=\"3aa9677\" data-element_type=\"container\">\n\t\t\t\t\t<div class=\"e-con-inner\">\n\t\t\t\t<div class=\"elementor-element elementor-element-8f44e19 elementor-widget elementor-widget-text-editor\" data-id=\"8f44e19\" data-element_type=\"widget\" data-widget_type=\"text-editor.default\">\n\t\t\t\t<div class=\"elementor-widget-container\">\n\t\t\t\t\t\t\t\t\t<p class=\"\" data-start=\"186\" data-end=\"273\"><strong data-start=\"186\" data-end=\"217\">Hola \u00a1\u00a1 Soy Pablo Fern\u00e1ndez<\/strong>, aunque quiz\u00e1 me conozcas como <em data-start=\"249\" data-end=\"260\">Laurindel<\/em> en internet.<\/p><p class=\"\" data-start=\"275\" data-end=\"594\">Soy editor de v\u00eddeo, t\u00e9cnico de producci\u00f3n audiovisual, consultor de comunicaci\u00f3n y, sobre todo, un apasionado de contar historias. Desde hace m\u00e1s de 15 a\u00f1os trabajo en el \u00e1mbito audiovisual y la comunicaci\u00f3n digital, combinando la creatividad con una visi\u00f3n estrat\u00e9gica para ayudar a otros a contar mejor lo que hacen.<\/p><p class=\"\" data-start=\"596\" data-end=\"949\">Desde hace ya varias temporadas produzco <em data-start=\"637\" data-end=\"650\">El Minicast<\/em>, un podcast semanal donde hablo de herramientas digitales, creaci\u00f3n de contenido, tendencias audiovisuales y mucho m\u00e1s. Mi enfoque es pr\u00e1ctico, cercano y con un punto cr\u00edtico. Me gusta compartir lo que aprendo en el d\u00eda a d\u00eda trabajando con creadores, marcas y estudios, y aportar valor sin rodeos.<\/p><p class=\"\" data-start=\"951\" data-end=\"1396\">A lo largo de mi trayectoria he desarrollado proyectos de comunicaci\u00f3n en v\u00eddeo, eventos h\u00edbridos, consultor\u00eda de contenidos y formaci\u00f3n, colaborando tanto con equipos peque\u00f1os como con organizaciones p\u00fablicas y privadas. He liderado procesos completos de producci\u00f3n audiovisual, desde la idea inicial hasta la distribuci\u00f3n final, y tengo una s\u00f3lida experiencia gestionando estrategias de comunicaci\u00f3n en entornos exigentes y multidisciplinares.<\/p><p class=\"\" data-start=\"1398\" data-end=\"1641\">Actualmente soy responsable de comunicaci\u00f3n de la C\u00e1mara de Comercio de Cantabria y gestiono <em data-start=\"1491\" data-end=\"1512\">Little Media Studio<\/em>, un peque\u00f1o estudio desde el que asesoro a profesionales y empresas que quieren comunicar mejor, ya sea en redes, v\u00eddeo o audio.<\/p><p class=\"\" data-start=\"1643\" data-end=\"1761\">Si te interesa el mundo creativo, la tecnolog\u00eda que lo hace posible y c\u00f3mo usarla sin volverse loco, este es tu sitio.<\/p><p class=\"\" data-start=\"1766\" data-end=\"1855\">\ud83d\udcce <em data-start=\"1769\" data-end=\"1838\">Si quieres saber m\u00e1s sobre mi perfil profesional puedes pasarte por<\/em> <strong><a class=\"\" title=\"LinkedIn\" href=\"http:\/\/www.linkedin.com\/in\/pablofernandezredondo\" target=\"_blank\" rel=\"noopener\" data-start=\"1839\" data-end=\"1855\">mi LinkedIn<\/a><\/strong><\/p><p data-start=\"1033\" data-end=\"1151\">\u00a0<\/p>\t\t\t\t\t\t\t\t<\/div>\n\t\t\t\t<\/div>\n\t\t\t\t\t<\/div>\n\t\t\t\t<\/div>\n\t\t\t\t<\/div>\n\t\t","protected":false},"excerpt":{"rendered":"<p>Hola \u00a1\u00a1 Soy Pablo Fern\u00e1ndez, aunque quiz\u00e1 me conozcas como Laurindel en internet. Soy editor de v\u00eddeo, t\u00e9cnico de producci\u00f3n audiovisual, consultor de comunicaci\u00f3n y, sobre todo, un apasionado de contar historias. Desde hace m\u00e1s de 15 a\u00f1os trabajo en el \u00e1mbito audiovisual y la comunicaci\u00f3n digital, combinando la creatividad con una visi\u00f3n estrat\u00e9gica para [&hellip;]<\/p>\n","protected":false},"author":1,"featured_media":77,"parent":0,"menu_order":0,"comment_status":"closed","ping_status":"closed","template":"elementor_header_footer","meta":{"_monsterinsights_skip_tracking":false,"_monsterinsights_sitenote_active":false,"_monsterinsights_sitenote_note":"","_monsterinsights_sitenote_category":0,"_uf_show_specific_survey":0,"_uf_disable_surveys":false,"footnotes":""},"class_list":["post-138","page","type-page","status-publish","has-post-thumbnail","hentry"],"aioseo_notices":[],"_links":{"self":[{"href":"https:\/\/littlemediastudio.com\/elminicast\/wp-json\/wp\/v2\/pages\/138","targetHints":{"allow":["GET"]}}],"collection":[{"href":"https:\/\/littlemediastudio.com\/elminicast\/wp-json\/wp\/v2\/pages"}],"about":[{"href":"https:\/\/littlemediastudio.com\/elminicast\/wp-json\/wp\/v2\/types\/page"}],"author":[{"embeddable":true,"href":"https:\/\/littlemediastudio.com\/elminicast\/wp-json\/wp\/v2\/users\/1"}],"replies":[{"embeddable":true,"href":"https:\/\/littlemediastudio.com\/elminicast\/wp-json\/wp\/v2\/comments?post=138"}],"version-history":[{"count":25,"href":"https:\/\/littlemediastudio.com\/elminicast\/wp-json\/wp\/v2\/pages\/138\/revisions"}],"predecessor-version":[{"id":856,"href":"https:\/\/littlemediastudio.com\/elminicast\/wp-json\/wp\/v2\/pages\/138\/revisions\/856"}],"wp:featuredmedia":[{"embeddable":true,"href":"https:\/\/littlemediastudio.com\/elminicast\/wp-json\/wp\/v2\/media\/77"}],"wp:attachment":[{"href":"https:\/\/littlemediastudio.com\/elminicast\/wp-json\/wp\/v2\/media?parent=138"}],"curies":[{"name":"wp","href":"https:\/\/api.w.org\/{rel}","templated":true}]}}