{"id":137,"date":"2025-05-01T00:21:55","date_gmt":"2025-04-30T22:21:55","guid":{"rendered":"http:\/\/littlemediastudio.com\/elminicast\/?page_id=137"},"modified":"2025-07-18T08:49:33","modified_gmt":"2025-07-18T06:49:33","slug":"contacto","status":"publish","type":"page","link":"https:\/\/littlemediastudio.com\/elminicast\/contacto\/","title":{"rendered":"Hablemos"},"content":{"rendered":"\t\t<div data-elementor-type=\"wp-page\" data-elementor-id=\"137\" class=\"elementor elementor-137\">\n\t\t\t\t<div class=\"elementor-element elementor-element-ad5b9db e-flex e-con-boxed e-con e-parent\" data-id=\"ad5b9db\" data-element_type=\"container\">\n\t\t\t\t\t<div class=\"e-con-inner\">\n\t\t\t\t<div class=\"elementor-element elementor-element-441eb49 elementor-widget elementor-widget-spacer\" data-id=\"441eb49\" data-element_type=\"widget\" data-widget_type=\"spacer.default\">\n\t\t\t\t<div class=\"elementor-widget-container\">\n\t\t\t\t\t\t\t<div class=\"elementor-spacer\">\n\t\t\t<div class=\"elementor-spacer-inner\"><\/div>\n\t\t<\/div>\n\t\t\t\t\t\t<\/div>\n\t\t\t\t<\/div>\n\t\t\t\t\t<\/div>\n\t\t\t\t<\/div>\n\t\t<div class=\"elementor-element elementor-element-dc3772a e-flex e-con-boxed e-con e-parent\" data-id=\"dc3772a\" data-element_type=\"container\">\n\t\t\t\t\t<div class=\"e-con-inner\">\n\t\t\t\t<div class=\"elementor-element elementor-element-5fc662c elementor-align-left elementor-widget elementor-widget-bdevs-home2-hero-section\" data-id=\"5fc662c\" data-element_type=\"widget\" data-widget_type=\"bdevs-home2-hero-section.default\">\n\t\t\t\t<div class=\"elementor-widget-container\">\n\t\t\t\t\t\r\n<section class=\"cs_hero cs_style_2 text-center\">\r\n\t<div class=\"container-fluid\">\r\n\t\t\t\t\t<h1 class=\"cs_hero_title cs_fs_90 cs_medium mb-0\">HABLEMOS!\u200b<\/h1>\r\n\t\t\t\t<div class=\"cs_height_72 cs_height_lg_50\"><\/div>\r\n\t\t<div class=\"cs_hero_video_block\">\r\n\t\t\t\t\t\t\t<img decoding=\"async\" src=\"http:\/\/littlemediastudio.com\/elminicast\/wp-content\/uploads\/2025\/05\/Banner-web.jpg\" alt=\"\" class=\"cs_hero_thumb\">\r\n\t\t\t\t\t\t\t\t\t\t\t\t\t\t<\/div>\r\n\t<\/div>\r\n<\/section>\r\n\r\n\r\n\t\t\t\t<\/div>\n\t\t\t\t<\/div>\n\t\t\t\t\t<\/div>\n\t\t\t\t<\/div>\n\t\t<div class=\"elementor-element elementor-element-e3d8849 e-flex e-con-boxed e-con e-parent\" data-id=\"e3d8849\" data-element_type=\"container\">\n\t\t\t\t\t<div class=\"e-con-inner\">\n\t\t\t\t<div class=\"elementor-element elementor-element-6ef2f01 elementor-widget elementor-widget-text-editor\" data-id=\"6ef2f01\" data-element_type=\"widget\" data-widget_type=\"text-editor.default\">\n\t\t\t\t<div class=\"elementor-widget-container\">\n\t\t\t\t\t\t\t\t\t<p data-start=\"553\" data-end=\"597\">\u00bfTienes algo que contarme? Este es el sitio.<\/p><p data-start=\"599\" data-end=\"798\">Puedes usar este formulario para enviarme tus ideas, sugerencias de temas, comentarios sobre el podcast o simplemente para decirme \u201chola\u201d. Me encanta saber qui\u00e9n est\u00e1 al otro lado de los auriculares.<\/p><p data-start=\"800\" data-end=\"1001\">Si eres una <strong data-start=\"812\" data-end=\"833\">marca tecnol\u00f3gica<\/strong>, <strong data-start=\"835\" data-end=\"848\">editorial<\/strong>, <strong data-start=\"850\" data-end=\"870\">estudio creativo<\/strong> o est\u00e1s detr\u00e1s de un proyecto que crees que puede encajar con los contenidos de <em data-start=\"951\" data-end=\"964\">El Minicast<\/em>, tambi\u00e9n est\u00e1s en el lugar adecuado.<\/p><p data-start=\"1003\" data-end=\"1223\">Trabajo con rigor y con total transparencia. Estoy abierto a <strong data-start=\"1064\" data-end=\"1094\">colaboraciones editoriales<\/strong>, <strong data-start=\"1096\" data-end=\"1120\">rese\u00f1as de productos<\/strong>, <strong data-start=\"1122\" data-end=\"1161\">campa\u00f1as en formato podcast o v\u00eddeo<\/strong>, y cualquier iniciativa que aporte valor real a mi comunidad.<\/p><p data-start=\"1225\" data-end=\"1379\">\ud83e\udde0 <em data-start=\"1228\" data-end=\"1379\">Temas como tecnolog\u00eda creativa, herramientas para creadores, tendencias audiovisuales, productividad digital o cultura maker siempre son bienvenidos.<\/em><\/p><p data-start=\"1381\" data-end=\"1523\">Puedes escribirme directamente a <strong data-start=\"1414\" data-end=\"1438\"><a class=\"cursor-pointer\" rel=\"noopener\" data-start=\"1416\" data-end=\"1436\">elminicast@gmail.com<\/a><\/strong>. Leo todos los mensajes y respondo tan pronto como puedo.<\/p><p data-start=\"1525\" data-end=\"1541\">\u00a1Nos escuchamos!<\/p><p class=\"\" style=\"caret-color: #000000; color: #000000;\" data-start=\"1474\" data-end=\"1504\">Tambi\u00e9n puedes encontrarme en:<\/p><ul style=\"caret-color: #000000; color: #000000;\" data-start=\"1505\" data-end=\"1714\"><li class=\"\" data-start=\"1505\" data-end=\"1569\"><p class=\"\" data-start=\"1507\" data-end=\"1569\"><a href=\"https:\/\/twitter.com\/laurindel\"><strong data-start=\"1507\" data-end=\"1522\">Twitter \/ X<\/strong><\/a><\/p><\/li><li class=\"\" data-start=\"1570\" data-end=\"1638\"><p class=\"\" data-start=\"1572\" data-end=\"1638\"><a href=\"https:\/\/masto.es\/@laurindel\"><strong data-start=\"1572\" data-end=\"1584\">Mastodon<\/strong><\/a><\/p><\/li><li class=\"\" data-start=\"1639\" data-end=\"1714\"><p class=\"\" data-start=\"1641\" data-end=\"1714\"><a href=\"https:\/\/www.youtube.com\/@laurindel\"><strong data-start=\"1641\" data-end=\"1652\">YouTube<\/strong><\/a><\/p><\/li><\/ul>\t\t\t\t\t\t\t\t<\/div>\n\t\t\t\t<\/div>\n\t\t\t\t\t<\/div>\n\t\t\t\t<\/div>\n\t\t<div class=\"elementor-element elementor-element-bd2161e e-flex e-con-boxed e-con e-parent\" data-id=\"bd2161e\" data-element_type=\"container\">\n\t\t\t\t\t<div class=\"e-con-inner\">\n\t\t\t\t<div class=\"elementor-element elementor-element-d13c497 elementor-widget elementor-widget-image\" data-id=\"d13c497\" data-element_type=\"widget\" data-widget_type=\"image.default\">\n\t\t\t\t<div class=\"elementor-widget-container\">\n\t\t\t\t\t\t\t\t\t\t\t\t\t\t\t<img fetchpriority=\"high\" decoding=\"async\" width=\"2560\" height=\"1440\" src=\"https:\/\/littlemediastudio.com\/elminicast\/wp-content\/uploads\/2025\/07\/Minicast-S08E36-scaled.jpg\" class=\"attachment-full size-full wp-image-847\" alt=\"\" srcset=\"https:\/\/littlemediastudio.com\/elminicast\/wp-content\/uploads\/2025\/07\/Minicast-S08E36-scaled.jpg 2560w, https:\/\/littlemediastudio.com\/elminicast\/wp-content\/uploads\/2025\/07\/Minicast-S08E36-300x169.jpg 300w, https:\/\/littlemediastudio.com\/elminicast\/wp-content\/uploads\/2025\/07\/Minicast-S08E36-1024x576.jpg 1024w, https:\/\/littlemediastudio.com\/elminicast\/wp-content\/uploads\/2025\/07\/Minicast-S08E36-768x432.jpg 768w, https:\/\/littlemediastudio.com\/elminicast\/wp-content\/uploads\/2025\/07\/Minicast-S08E36-1536x864.jpg 1536w, https:\/\/littlemediastudio.com\/elminicast\/wp-content\/uploads\/2025\/07\/Minicast-S08E36-2048x1152.jpg 2048w\" sizes=\"(max-width: 2560px) 100vw, 2560px\" \/>\t\t\t\t\t\t\t\t\t\t\t\t\t\t\t<\/div>\n\t\t\t\t<\/div>\n\t\t\t\t\t<\/div>\n\t\t\t\t<\/div>\n\t\t\t\t<\/div>\n\t\t","protected":false},"excerpt":{"rendered":"<p>HABLEMOS!\u200b \u00bfTienes algo que contarme? Este es el sitio. Puedes usar este formulario para enviarme tus ideas, sugerencias de temas, comentarios sobre el podcast o simplemente para decirme \u201chola\u201d. Me encanta saber qui\u00e9n est\u00e1 al otro lado de los auriculares. Si eres una marca tecnol\u00f3gica, editorial, estudio creativo o est\u00e1s detr\u00e1s de un proyecto que [&hellip;]<\/p>\n","protected":false},"author":1,"featured_media":427,"parent":0,"menu_order":0,"comment_status":"closed","ping_status":"closed","template":"elementor_header_footer","meta":{"_monsterinsights_skip_tracking":false,"_monsterinsights_sitenote_active":false,"_monsterinsights_sitenote_note":"","_monsterinsights_sitenote_category":0,"_uf_show_specific_survey":0,"_uf_disable_surveys":false,"footnotes":""},"class_list":["post-137","page","type-page","status-publish","has-post-thumbnail","hentry"],"aioseo_notices":[],"_links":{"self":[{"href":"https:\/\/littlemediastudio.com\/elminicast\/wp-json\/wp\/v2\/pages\/137","targetHints":{"allow":["GET"]}}],"collection":[{"href":"https:\/\/littlemediastudio.com\/elminicast\/wp-json\/wp\/v2\/pages"}],"about":[{"href":"https:\/\/littlemediastudio.com\/elminicast\/wp-json\/wp\/v2\/types\/page"}],"author":[{"embeddable":true,"href":"https:\/\/littlemediastudio.com\/elminicast\/wp-json\/wp\/v2\/users\/1"}],"replies":[{"embeddable":true,"href":"https:\/\/littlemediastudio.com\/elminicast\/wp-json\/wp\/v2\/comments?post=137"}],"version-history":[{"count":30,"href":"https:\/\/littlemediastudio.com\/elminicast\/wp-json\/wp\/v2\/pages\/137\/revisions"}],"predecessor-version":[{"id":853,"href":"https:\/\/littlemediastudio.com\/elminicast\/wp-json\/wp\/v2\/pages\/137\/revisions\/853"}],"wp:featuredmedia":[{"embeddable":true,"href":"https:\/\/littlemediastudio.com\/elminicast\/wp-json\/wp\/v2\/media\/427"}],"wp:attachment":[{"href":"https:\/\/littlemediastudio.com\/elminicast\/wp-json\/wp\/v2\/media?parent=137"}],"curies":[{"name":"wp","href":"https:\/\/api.w.org\/{rel}","templated":true}]}}