{"id":133,"date":"2025-05-01T00:16:30","date_gmt":"2025-04-30T22:16:30","guid":{"rendered":"http:\/\/littlemediastudio.com\/elminicast\/?page_id=133"},"modified":"2025-05-11T19:00:50","modified_gmt":"2025-05-11T17:00:50","slug":"capitulos","status":"publish","type":"page","link":"https:\/\/littlemediastudio.com\/elminicast\/capitulos\/","title":{"rendered":"Cap\u00edtulos"},"content":{"rendered":"\t\t<div data-elementor-type=\"wp-page\" data-elementor-id=\"133\" class=\"elementor elementor-133\">\n\t\t\t\t<div class=\"elementor-element elementor-element-6a9fc64 e-con-full e-flex e-con e-parent\" data-id=\"6a9fc64\" data-element_type=\"container\">\n\t\t\t\t<div class=\"elementor-element elementor-element-72390ca elementor-widget elementor-widget-heading\" data-id=\"72390ca\" data-element_type=\"widget\" data-widget_type=\"heading.default\">\n\t\t\t\t<div class=\"elementor-widget-container\">\n\t\t\t\t\t<h1 class=\"elementor-heading-title elementor-size-default\">Todos los Cap\u00edtulos del podcasts.. <\/h1>\t\t\t\t<\/div>\n\t\t\t\t<\/div>\n\t\t\t\t<\/div>\n\t\t<div class=\"elementor-element elementor-element-61e5c5f e-flex e-con-boxed e-con e-parent\" data-id=\"61e5c5f\" data-element_type=\"container\">\n\t\t\t\t\t<div class=\"e-con-inner\">\n\t\t\t\t<div class=\"elementor-element elementor-element-2bd97ad elementor-align-left elementor-widget elementor-widget-bdevs-blog-grid-2\" data-id=\"2bd97ad\" data-element_type=\"widget\" data-widget_type=\"bdevs-blog-grid-2.default\">\n\t\t\t\t<div class=\"elementor-widget-container\">\n\t\t\t\t\t\n\n<div class=\"container-fluid\">\n\t<div class=\"cs_height_150 cs_height_lg_80\"><\/div>\n\t<div class=\"row cs_row_gap_40 cs_gap_y_40 \">\n\t\t\t\t\t<div class=\"col-xxl-3 col-lg-4 col-sm-6\">\n\t\t\t\t<div class=\"cs_post cs_style_5 cs_radius_15 cs_zoom\">\n\t\t\t\t\t<a href=\"https:\/\/littlemediastudio.com\/elminicast\/2025\/11\/10\/saludytecnolgia-2-2-2-2-2-2-2-2-2\/\" class=\"cs_post_thumb d-block\">\n\t\t\t\t\t\t\t\t\t\t\t\t\t<img decoding=\"async\" src=\"https:\/\/littlemediastudio.com\/elminicast\/wp-content\/uploads\/2025\/11\/Artwork-S09E09-VERTICAL.jpg\" alt=\"\uf8ff Apple Creator Studio: \u00bfimaginamos?\" class=\"cs_zoom_in\">\n\t\t\t\t\t\t\t\t\t\t\t<\/a>\n\t\t\t\t\t<div class=\"cs_post_info\">\n\t\t\t\t\t\t\t\t\t\t\t\t\t<p class=\"cs_post_meta cs_mb_21 cs_fs_23 cs_accent_color\">\n\t\t\t\t\t\t\t\t<a href=\"https:\/\/littlemediastudio.com\/elminicast\/category\/capitulos\/\">Capitulos<\/a>\n\t\t\t\t\t\t\t<\/p>\n\t\t\t\t\t\t\t\t\t\t\t\t<h2 class=\"cs_post_title mb-0 cs_fs_32 cs_white_color\">\n\t\t\t\t\t\t\t<a href=\"https:\/\/littlemediastudio.com\/elminicast\/2025\/11\/10\/saludytecnolgia-2-2-2-2-2-2-2-2-2\/\">\n\t\t\t\t\t\t\t\t\t\t\t\t\t\t\t\t\t\uf8ff Apple Creator Studio: \u00bfimaginamos?\t\t\t\t\t\t\t\t\t\t\t\t\t\t\t<\/a>\n\t\t\t\t\t\t<\/h2>\n\t\t\t\t\t<\/div>\n\t\t\t\t\t\t\t\t\t\t\t<a href=\"https:\/\/www.youtube.com\/embed\/xsdASD7FZVs\" class=\"cs_play_btn_1 cs_primary_color cs_white_bg cs_center cs_video_open\">\n\t\t\t\t\t\t\t<svg width=\"13\" height=\"16\" viewBox=\"0 0 13 16\" fill=\"none\" xmlns=\"http:\/\/www.w3.org\/2000\/svg\">\n\t\t\t\t\t\t\t\t<path d=\"M11.3075 5.48062L5.34625 1.10937C4.88065 0.768425 4.32972 0.563067 3.75454 0.516061C3.17937 0.469055 2.60241 0.582238 2.08762 0.843062C1.57283 1.10389 1.14032 1.50217 0.83803 1.99375C0.535739 2.48534 0.375476 3.05103 0.375004 3.62812V12.375C0.374106 12.9527 0.533532 13.5192 0.835535 14.0117C1.13754 14.5041 1.57027 14.903 2.08556 15.1641C2.60085 15.4252 3.17849 15.5382 3.75417 15.4904C4.32986 15.4427 4.881 15.2361 5.34625 14.8937L11.3075 10.5225C11.7031 10.2322 12.0247 9.85288 12.2464 9.41519C12.4681 8.9775 12.5836 8.49376 12.5836 8.00312C12.5836 7.51249 12.4681 7.02875 12.2464 6.59106C12.0247 6.15337 11.7031 5.77403 11.3075 5.48375V5.48062Z\" fill=\"currentColor\"\/>\n\t\t\t\t\t\t\t<\/svg>                                   \n\t\t\t\t\t\t<\/a>\n\t\t\t\t\t\t\t\t\t<\/div>\n\t\t\t<\/div>\n\t\t\t\t\t<div class=\"col-xxl-3 col-lg-4 col-sm-6\">\n\t\t\t\t<div class=\"cs_post cs_style_5 cs_radius_15 cs_zoom\">\n\t\t\t\t\t<a href=\"https:\/\/littlemediastudio.com\/elminicast\/2025\/11\/04\/saludytecnolgia-2-2-2-2-2-2-2-2\/\" class=\"cs_post_thumb d-block\">\n\t\t\t\t\t\t\t\t\t\t\t\t\t<img decoding=\"async\" src=\"https:\/\/littlemediastudio.com\/elminicast\/wp-content\/uploads\/2025\/11\/Artwork-S09E09-VERTICAL.jpg\" alt=\"iPad Pro: \u00bfA qu\u00e9 precio?\" class=\"cs_zoom_in\">\n\t\t\t\t\t\t\t\t\t\t\t<\/a>\n\t\t\t\t\t<div class=\"cs_post_info\">\n\t\t\t\t\t\t\t\t\t\t\t\t\t<p class=\"cs_post_meta cs_mb_21 cs_fs_23 cs_accent_color\">\n\t\t\t\t\t\t\t\t<a href=\"https:\/\/littlemediastudio.com\/elminicast\/category\/capitulos\/\">Capitulos<\/a>\n\t\t\t\t\t\t\t<\/p>\n\t\t\t\t\t\t\t\t\t\t\t\t<h2 class=\"cs_post_title mb-0 cs_fs_32 cs_white_color\">\n\t\t\t\t\t\t\t<a href=\"https:\/\/littlemediastudio.com\/elminicast\/2025\/11\/04\/saludytecnolgia-2-2-2-2-2-2-2-2\/\">\n\t\t\t\t\t\t\t\t\t\t\t\t\t\t\t\t\tiPad Pro: \u00bfA qu\u00e9 precio?\t\t\t\t\t\t\t\t\t\t\t\t\t\t\t<\/a>\n\t\t\t\t\t\t<\/h2>\n\t\t\t\t\t<\/div>\n\t\t\t\t\t\t\t\t\t\t\t<a href=\"https:\/\/www.youtube.com\/embed\/jdK_NOSTQFM\" class=\"cs_play_btn_1 cs_primary_color cs_white_bg cs_center cs_video_open\">\n\t\t\t\t\t\t\t<svg width=\"13\" height=\"16\" viewBox=\"0 0 13 16\" fill=\"none\" xmlns=\"http:\/\/www.w3.org\/2000\/svg\">\n\t\t\t\t\t\t\t\t<path d=\"M11.3075 5.48062L5.34625 1.10937C4.88065 0.768425 4.32972 0.563067 3.75454 0.516061C3.17937 0.469055 2.60241 0.582238 2.08762 0.843062C1.57283 1.10389 1.14032 1.50217 0.83803 1.99375C0.535739 2.48534 0.375476 3.05103 0.375004 3.62812V12.375C0.374106 12.9527 0.533532 13.5192 0.835535 14.0117C1.13754 14.5041 1.57027 14.903 2.08556 15.1641C2.60085 15.4252 3.17849 15.5382 3.75417 15.4904C4.32986 15.4427 4.881 15.2361 5.34625 14.8937L11.3075 10.5225C11.7031 10.2322 12.0247 9.85288 12.2464 9.41519C12.4681 8.9775 12.5836 8.49376 12.5836 8.00312C12.5836 7.51249 12.4681 7.02875 12.2464 6.59106C12.0247 6.15337 11.7031 5.77403 11.3075 5.48375V5.48062Z\" fill=\"currentColor\"\/>\n\t\t\t\t\t\t\t<\/svg>                                   \n\t\t\t\t\t\t<\/a>\n\t\t\t\t\t\t\t\t\t<\/div>\n\t\t\t<\/div>\n\t\t\t\t\t<div class=\"col-xxl-3 col-lg-4 col-sm-6\">\n\t\t\t\t<div class=\"cs_post cs_style_5 cs_radius_15 cs_zoom\">\n\t\t\t\t\t<a href=\"https:\/\/littlemediastudio.com\/elminicast\/2025\/10\/20\/saludytecnolgia-2-2-2-2-2-2-2\/\" class=\"cs_post_thumb d-block\">\n\t\t\t\t\t\t\t\t\t\t\t\t\t<img decoding=\"async\" src=\"https:\/\/littlemediastudio.com\/elminicast\/wp-content\/uploads\/2025\/10\/Artwork-S09E08-VERTICAL.jpg\" alt=\"Tu sistema DAM: c\u00f3mo organizar tus archivos como un profesional\" class=\"cs_zoom_in\">\n\t\t\t\t\t\t\t\t\t\t\t<\/a>\n\t\t\t\t\t<div class=\"cs_post_info\">\n\t\t\t\t\t\t\t\t\t\t\t\t\t<p class=\"cs_post_meta cs_mb_21 cs_fs_23 cs_accent_color\">\n\t\t\t\t\t\t\t\t<a href=\"https:\/\/littlemediastudio.com\/elminicast\/category\/capitulos\/\">Capitulos<\/a>\n\t\t\t\t\t\t\t<\/p>\n\t\t\t\t\t\t\t\t\t\t\t\t<h2 class=\"cs_post_title mb-0 cs_fs_32 cs_white_color\">\n\t\t\t\t\t\t\t<a href=\"https:\/\/littlemediastudio.com\/elminicast\/2025\/10\/20\/saludytecnolgia-2-2-2-2-2-2-2\/\">\n\t\t\t\t\t\t\t\t\t\t\t\t\t\t\t\t\tTu sistema DAM: c\u00f3mo organizar tus archivos como un profesional\t\t\t\t\t\t\t\t\t\t\t\t\t\t\t<\/a>\n\t\t\t\t\t\t<\/h2>\n\t\t\t\t\t<\/div>\n\t\t\t\t\t\t\t\t\t\t\t<a href=\"https:\/\/www.youtube.com\/embed\/bF4Jn66m9F0\" class=\"cs_play_btn_1 cs_primary_color cs_white_bg cs_center cs_video_open\">\n\t\t\t\t\t\t\t<svg width=\"13\" height=\"16\" viewBox=\"0 0 13 16\" fill=\"none\" xmlns=\"http:\/\/www.w3.org\/2000\/svg\">\n\t\t\t\t\t\t\t\t<path d=\"M11.3075 5.48062L5.34625 1.10937C4.88065 0.768425 4.32972 0.563067 3.75454 0.516061C3.17937 0.469055 2.60241 0.582238 2.08762 0.843062C1.57283 1.10389 1.14032 1.50217 0.83803 1.99375C0.535739 2.48534 0.375476 3.05103 0.375004 3.62812V12.375C0.374106 12.9527 0.533532 13.5192 0.835535 14.0117C1.13754 14.5041 1.57027 14.903 2.08556 15.1641C2.60085 15.4252 3.17849 15.5382 3.75417 15.4904C4.32986 15.4427 4.881 15.2361 5.34625 14.8937L11.3075 10.5225C11.7031 10.2322 12.0247 9.85288 12.2464 9.41519C12.4681 8.9775 12.5836 8.49376 12.5836 8.00312C12.5836 7.51249 12.4681 7.02875 12.2464 6.59106C12.0247 6.15337 11.7031 5.77403 11.3075 5.48375V5.48062Z\" fill=\"currentColor\"\/>\n\t\t\t\t\t\t\t<\/svg>                                   \n\t\t\t\t\t\t<\/a>\n\t\t\t\t\t\t\t\t\t<\/div>\n\t\t\t<\/div>\n\t\t\t\t\t<div class=\"col-xxl-3 col-lg-4 col-sm-6\">\n\t\t\t\t<div class=\"cs_post cs_style_5 cs_radius_15 cs_zoom\">\n\t\t\t\t\t<a href=\"https:\/\/littlemediastudio.com\/elminicast\/2025\/10\/13\/saludytecnolgia-2-2-2-2-2-2\/\" class=\"cs_post_thumb d-block\">\n\t\t\t\t\t\t\t\t\t\t\t\t\t<img decoding=\"async\" src=\"https:\/\/littlemediastudio.com\/elminicast\/wp-content\/uploads\/2025\/10\/Artwork-S09E07-VERTICAL.jpg\" alt=\"Podcasts y Nintendos: crear por gusto y jugar por placer\" class=\"cs_zoom_in\">\n\t\t\t\t\t\t\t\t\t\t\t<\/a>\n\t\t\t\t\t<div class=\"cs_post_info\">\n\t\t\t\t\t\t\t\t\t\t\t\t\t<p class=\"cs_post_meta cs_mb_21 cs_fs_23 cs_accent_color\">\n\t\t\t\t\t\t\t\t<a href=\"https:\/\/littlemediastudio.com\/elminicast\/category\/capitulos\/\">Capitulos<\/a>\n\t\t\t\t\t\t\t<\/p>\n\t\t\t\t\t\t\t\t\t\t\t\t<h2 class=\"cs_post_title mb-0 cs_fs_32 cs_white_color\">\n\t\t\t\t\t\t\t<a href=\"https:\/\/littlemediastudio.com\/elminicast\/2025\/10\/13\/saludytecnolgia-2-2-2-2-2-2\/\">\n\t\t\t\t\t\t\t\t\t\t\t\t\t\t\t\t\tPodcasts y Nintendos: crear por gusto y jugar por placer\t\t\t\t\t\t\t\t\t\t\t\t\t\t\t<\/a>\n\t\t\t\t\t\t<\/h2>\n\t\t\t\t\t<\/div>\n\t\t\t\t\t\t\t\t\t\t\t<a href=\"https:\/\/www.youtube.com\/embed\/pXgb4AlQ2BA\" class=\"cs_play_btn_1 cs_primary_color cs_white_bg cs_center cs_video_open\">\n\t\t\t\t\t\t\t<svg width=\"13\" height=\"16\" viewBox=\"0 0 13 16\" fill=\"none\" xmlns=\"http:\/\/www.w3.org\/2000\/svg\">\n\t\t\t\t\t\t\t\t<path d=\"M11.3075 5.48062L5.34625 1.10937C4.88065 0.768425 4.32972 0.563067 3.75454 0.516061C3.17937 0.469055 2.60241 0.582238 2.08762 0.843062C1.57283 1.10389 1.14032 1.50217 0.83803 1.99375C0.535739 2.48534 0.375476 3.05103 0.375004 3.62812V12.375C0.374106 12.9527 0.533532 13.5192 0.835535 14.0117C1.13754 14.5041 1.57027 14.903 2.08556 15.1641C2.60085 15.4252 3.17849 15.5382 3.75417 15.4904C4.32986 15.4427 4.881 15.2361 5.34625 14.8937L11.3075 10.5225C11.7031 10.2322 12.0247 9.85288 12.2464 9.41519C12.4681 8.9775 12.5836 8.49376 12.5836 8.00312C12.5836 7.51249 12.4681 7.02875 12.2464 6.59106C12.0247 6.15337 11.7031 5.77403 11.3075 5.48375V5.48062Z\" fill=\"currentColor\"\/>\n\t\t\t\t\t\t\t<\/svg>                                   \n\t\t\t\t\t\t<\/a>\n\t\t\t\t\t\t\t\t\t<\/div>\n\t\t\t<\/div>\n\t\t\t\t\t<div class=\"col-xxl-3 col-lg-4 col-sm-6\">\n\t\t\t\t<div class=\"cs_post cs_style_5 cs_radius_15 cs_zoom\">\n\t\t\t\t\t<a href=\"https:\/\/littlemediastudio.com\/elminicast\/2025\/10\/06\/saludytecnolgia-2-2-2-2-2\/\" class=\"cs_post_thumb d-block\">\n\t\t\t\t\t\t\t\t\t\t\t\t\t<img decoding=\"async\" src=\"https:\/\/littlemediastudio.com\/elminicast\/wp-content\/uploads\/2025\/10\/Artwork-S09E06-VERTICAL.jpg\" alt=\"Productividad en movimiento: trabajando en tren.\" class=\"cs_zoom_in\">\n\t\t\t\t\t\t\t\t\t\t\t<\/a>\n\t\t\t\t\t<div class=\"cs_post_info\">\n\t\t\t\t\t\t\t\t\t\t\t\t\t<p class=\"cs_post_meta cs_mb_21 cs_fs_23 cs_accent_color\">\n\t\t\t\t\t\t\t\t<a href=\"https:\/\/littlemediastudio.com\/elminicast\/category\/capitulos\/\">Capitulos<\/a>\n\t\t\t\t\t\t\t<\/p>\n\t\t\t\t\t\t\t\t\t\t\t\t<h2 class=\"cs_post_title mb-0 cs_fs_32 cs_white_color\">\n\t\t\t\t\t\t\t<a href=\"https:\/\/littlemediastudio.com\/elminicast\/2025\/10\/06\/saludytecnolgia-2-2-2-2-2\/\">\n\t\t\t\t\t\t\t\t\t\t\t\t\t\t\t\t\tProductividad en movimiento: trabajando en tren.\t\t\t\t\t\t\t\t\t\t\t\t\t\t\t<\/a>\n\t\t\t\t\t\t<\/h2>\n\t\t\t\t\t<\/div>\n\t\t\t\t\t\t\t\t\t\t\t<a href=\"https:\/\/www.youtube.com\/embed\/kn3iuXJ0Q4s\" class=\"cs_play_btn_1 cs_primary_color cs_white_bg cs_center cs_video_open\">\n\t\t\t\t\t\t\t<svg width=\"13\" height=\"16\" viewBox=\"0 0 13 16\" fill=\"none\" xmlns=\"http:\/\/www.w3.org\/2000\/svg\">\n\t\t\t\t\t\t\t\t<path d=\"M11.3075 5.48062L5.34625 1.10937C4.88065 0.768425 4.32972 0.563067 3.75454 0.516061C3.17937 0.469055 2.60241 0.582238 2.08762 0.843062C1.57283 1.10389 1.14032 1.50217 0.83803 1.99375C0.535739 2.48534 0.375476 3.05103 0.375004 3.62812V12.375C0.374106 12.9527 0.533532 13.5192 0.835535 14.0117C1.13754 14.5041 1.57027 14.903 2.08556 15.1641C2.60085 15.4252 3.17849 15.5382 3.75417 15.4904C4.32986 15.4427 4.881 15.2361 5.34625 14.8937L11.3075 10.5225C11.7031 10.2322 12.0247 9.85288 12.2464 9.41519C12.4681 8.9775 12.5836 8.49376 12.5836 8.00312C12.5836 7.51249 12.4681 7.02875 12.2464 6.59106C12.0247 6.15337 11.7031 5.77403 11.3075 5.48375V5.48062Z\" fill=\"currentColor\"\/>\n\t\t\t\t\t\t\t<\/svg>                                   \n\t\t\t\t\t\t<\/a>\n\t\t\t\t\t\t\t\t\t<\/div>\n\t\t\t<\/div>\n\t\t\t\t\t<div class=\"col-xxl-3 col-lg-4 col-sm-6\">\n\t\t\t\t<div class=\"cs_post cs_style_5 cs_radius_15 cs_zoom\">\n\t\t\t\t\t<a href=\"https:\/\/littlemediastudio.com\/elminicast\/2025\/09\/26\/saludytecnolgia-2-2-2-2\/\" class=\"cs_post_thumb d-block\">\n\t\t\t\t\t\t\t\t\t\t\t\t\t<img decoding=\"async\" src=\"https:\/\/littlemediastudio.com\/elminicast\/wp-content\/uploads\/2025\/09\/Artwork-S09E05-VERTICAL.jpg\" alt=\"Peak Design Everyday ZIP: mi mochila diaria.\" class=\"cs_zoom_in\">\n\t\t\t\t\t\t\t\t\t\t\t<\/a>\n\t\t\t\t\t<div class=\"cs_post_info\">\n\t\t\t\t\t\t\t\t\t\t\t\t\t<p class=\"cs_post_meta cs_mb_21 cs_fs_23 cs_accent_color\">\n\t\t\t\t\t\t\t\t<a href=\"https:\/\/littlemediastudio.com\/elminicast\/category\/capitulos\/\">Capitulos<\/a>\n\t\t\t\t\t\t\t<\/p>\n\t\t\t\t\t\t\t\t\t\t\t\t<h2 class=\"cs_post_title mb-0 cs_fs_32 cs_white_color\">\n\t\t\t\t\t\t\t<a href=\"https:\/\/littlemediastudio.com\/elminicast\/2025\/09\/26\/saludytecnolgia-2-2-2-2\/\">\n\t\t\t\t\t\t\t\t\t\t\t\t\t\t\t\t\tPeak Design Everyday ZIP: mi mochila diaria.\t\t\t\t\t\t\t\t\t\t\t\t\t\t\t<\/a>\n\t\t\t\t\t\t<\/h2>\n\t\t\t\t\t<\/div>\n\t\t\t\t\t\t\t\t\t\t\t<a href=\"https:\/\/www.youtube.com\/embed\/eGaZXWvtt_o\" class=\"cs_play_btn_1 cs_primary_color cs_white_bg cs_center cs_video_open\">\n\t\t\t\t\t\t\t<svg width=\"13\" height=\"16\" viewBox=\"0 0 13 16\" fill=\"none\" xmlns=\"http:\/\/www.w3.org\/2000\/svg\">\n\t\t\t\t\t\t\t\t<path d=\"M11.3075 5.48062L5.34625 1.10937C4.88065 0.768425 4.32972 0.563067 3.75454 0.516061C3.17937 0.469055 2.60241 0.582238 2.08762 0.843062C1.57283 1.10389 1.14032 1.50217 0.83803 1.99375C0.535739 2.48534 0.375476 3.05103 0.375004 3.62812V12.375C0.374106 12.9527 0.533532 13.5192 0.835535 14.0117C1.13754 14.5041 1.57027 14.903 2.08556 15.1641C2.60085 15.4252 3.17849 15.5382 3.75417 15.4904C4.32986 15.4427 4.881 15.2361 5.34625 14.8937L11.3075 10.5225C11.7031 10.2322 12.0247 9.85288 12.2464 9.41519C12.4681 8.9775 12.5836 8.49376 12.5836 8.00312C12.5836 7.51249 12.4681 7.02875 12.2464 6.59106C12.0247 6.15337 11.7031 5.77403 11.3075 5.48375V5.48062Z\" fill=\"currentColor\"\/>\n\t\t\t\t\t\t\t<\/svg>                                   \n\t\t\t\t\t\t<\/a>\n\t\t\t\t\t\t\t\t\t<\/div>\n\t\t\t<\/div>\n\t\t\t\t\t<div class=\"col-xxl-3 col-lg-4 col-sm-6\">\n\t\t\t\t<div class=\"cs_post cs_style_5 cs_radius_15 cs_zoom\">\n\t\t\t\t\t<a href=\"https:\/\/littlemediastudio.com\/elminicast\/2025\/09\/22\/saludytecnolgia-2-2-2\/\" class=\"cs_post_thumb d-block\">\n\t\t\t\t\t\t\t\t\t\t\t\t\t<img decoding=\"async\" src=\"https:\/\/littlemediastudio.com\/elminicast\/wp-content\/uploads\/2025\/09\/Artwork-S09E04-VERTICAL.jpg\" alt=\"BOYA Magic, un micro para todas las situaciones.\" class=\"cs_zoom_in\">\n\t\t\t\t\t\t\t\t\t\t\t<\/a>\n\t\t\t\t\t<div class=\"cs_post_info\">\n\t\t\t\t\t\t\t\t\t\t\t\t\t<p class=\"cs_post_meta cs_mb_21 cs_fs_23 cs_accent_color\">\n\t\t\t\t\t\t\t\t<a href=\"https:\/\/littlemediastudio.com\/elminicast\/category\/capitulos\/\">Capitulos<\/a>\n\t\t\t\t\t\t\t<\/p>\n\t\t\t\t\t\t\t\t\t\t\t\t<h2 class=\"cs_post_title mb-0 cs_fs_32 cs_white_color\">\n\t\t\t\t\t\t\t<a href=\"https:\/\/littlemediastudio.com\/elminicast\/2025\/09\/22\/saludytecnolgia-2-2-2\/\">\n\t\t\t\t\t\t\t\t\t\t\t\t\t\t\t\t\tBOYA Magic, un micro para todas las situaciones.\t\t\t\t\t\t\t\t\t\t\t\t\t\t\t<\/a>\n\t\t\t\t\t\t<\/h2>\n\t\t\t\t\t<\/div>\n\t\t\t\t\t\t\t\t\t\t\t<a href=\"https:\/\/www.youtube.com\/embed\/MixZ1R7XLu8\" class=\"cs_play_btn_1 cs_primary_color cs_white_bg cs_center cs_video_open\">\n\t\t\t\t\t\t\t<svg width=\"13\" height=\"16\" viewBox=\"0 0 13 16\" fill=\"none\" xmlns=\"http:\/\/www.w3.org\/2000\/svg\">\n\t\t\t\t\t\t\t\t<path d=\"M11.3075 5.48062L5.34625 1.10937C4.88065 0.768425 4.32972 0.563067 3.75454 0.516061C3.17937 0.469055 2.60241 0.582238 2.08762 0.843062C1.57283 1.10389 1.14032 1.50217 0.83803 1.99375C0.535739 2.48534 0.375476 3.05103 0.375004 3.62812V12.375C0.374106 12.9527 0.533532 13.5192 0.835535 14.0117C1.13754 14.5041 1.57027 14.903 2.08556 15.1641C2.60085 15.4252 3.17849 15.5382 3.75417 15.4904C4.32986 15.4427 4.881 15.2361 5.34625 14.8937L11.3075 10.5225C11.7031 10.2322 12.0247 9.85288 12.2464 9.41519C12.4681 8.9775 12.5836 8.49376 12.5836 8.00312C12.5836 7.51249 12.4681 7.02875 12.2464 6.59106C12.0247 6.15337 11.7031 5.77403 11.3075 5.48375V5.48062Z\" fill=\"currentColor\"\/>\n\t\t\t\t\t\t\t<\/svg>                                   \n\t\t\t\t\t\t<\/a>\n\t\t\t\t\t\t\t\t\t<\/div>\n\t\t\t<\/div>\n\t\t\t\t\t<div class=\"col-xxl-3 col-lg-4 col-sm-6\">\n\t\t\t\t<div class=\"cs_post cs_style_5 cs_radius_15 cs_zoom\">\n\t\t\t\t\t<a href=\"https:\/\/littlemediastudio.com\/elminicast\/2025\/09\/15\/saludytecnolgia-2-2\/\" class=\"cs_post_thumb d-block\">\n\t\t\t\t\t\t\t\t\t\t\t\t\t<img decoding=\"async\" src=\"https:\/\/littlemediastudio.com\/elminicast\/wp-content\/uploads\/2025\/09\/Artwork-S09E03-VERTICAL.jpg\" alt=\"iPhone 17 Pro: C\u00e1mara Pro Fusion y v\u00eddeo 4K120\" class=\"cs_zoom_in\">\n\t\t\t\t\t\t\t\t\t\t\t<\/a>\n\t\t\t\t\t<div class=\"cs_post_info\">\n\t\t\t\t\t\t\t\t\t\t\t\t\t<p class=\"cs_post_meta cs_mb_21 cs_fs_23 cs_accent_color\">\n\t\t\t\t\t\t\t\t<a href=\"https:\/\/littlemediastudio.com\/elminicast\/category\/capitulos\/\">Capitulos<\/a>\n\t\t\t\t\t\t\t<\/p>\n\t\t\t\t\t\t\t\t\t\t\t\t<h2 class=\"cs_post_title mb-0 cs_fs_32 cs_white_color\">\n\t\t\t\t\t\t\t<a href=\"https:\/\/littlemediastudio.com\/elminicast\/2025\/09\/15\/saludytecnolgia-2-2\/\">\n\t\t\t\t\t\t\t\t\t\t\t\t\t\t\t\t\tapple-event-2025-iphone-17-pro\t\t\t\t\t\t\t\t\t\t\t\t\t\t\t<\/a>\n\t\t\t\t\t\t<\/h2>\n\t\t\t\t\t<\/div>\n\t\t\t\t\t\t\t\t\t\t\t<a href=\"https:\/\/www.youtube.com\/embed\/QeFrqM2sT_E\" class=\"cs_play_btn_1 cs_primary_color cs_white_bg cs_center cs_video_open\">\n\t\t\t\t\t\t\t<svg width=\"13\" height=\"16\" viewBox=\"0 0 13 16\" fill=\"none\" xmlns=\"http:\/\/www.w3.org\/2000\/svg\">\n\t\t\t\t\t\t\t\t<path d=\"M11.3075 5.48062L5.34625 1.10937C4.88065 0.768425 4.32972 0.563067 3.75454 0.516061C3.17937 0.469055 2.60241 0.582238 2.08762 0.843062C1.57283 1.10389 1.14032 1.50217 0.83803 1.99375C0.535739 2.48534 0.375476 3.05103 0.375004 3.62812V12.375C0.374106 12.9527 0.533532 13.5192 0.835535 14.0117C1.13754 14.5041 1.57027 14.903 2.08556 15.1641C2.60085 15.4252 3.17849 15.5382 3.75417 15.4904C4.32986 15.4427 4.881 15.2361 5.34625 14.8937L11.3075 10.5225C11.7031 10.2322 12.0247 9.85288 12.2464 9.41519C12.4681 8.9775 12.5836 8.49376 12.5836 8.00312C12.5836 7.51249 12.4681 7.02875 12.2464 6.59106C12.0247 6.15337 11.7031 5.77403 11.3075 5.48375V5.48062Z\" fill=\"currentColor\"\/>\n\t\t\t\t\t\t\t<\/svg>                                   \n\t\t\t\t\t\t<\/a>\n\t\t\t\t\t\t\t\t\t<\/div>\n\t\t\t<\/div>\n\t\t\t\t\t<div class=\"col-xxl-3 col-lg-4 col-sm-6\">\n\t\t\t\t<div class=\"cs_post cs_style_5 cs_radius_15 cs_zoom\">\n\t\t\t\t\t<a href=\"https:\/\/littlemediastudio.com\/elminicast\/2025\/09\/04\/saludytecnolgia-2\/\" class=\"cs_post_thumb d-block\">\n\t\t\t\t\t\t\t\t\t\t\t\t\t<img decoding=\"async\" src=\"https:\/\/littlemediastudio.com\/elminicast\/wp-content\/uploads\/2025\/09\/Artwork-S09E02-VERTICAL.jpg\" alt=\"Renovar iPhone: cu\u00e1ndo cambiar y qu\u00e9 modelo elegir\" class=\"cs_zoom_in\">\n\t\t\t\t\t\t\t\t\t\t\t<\/a>\n\t\t\t\t\t<div class=\"cs_post_info\">\n\t\t\t\t\t\t\t\t\t\t\t\t\t<p class=\"cs_post_meta cs_mb_21 cs_fs_23 cs_accent_color\">\n\t\t\t\t\t\t\t\t<a href=\"https:\/\/littlemediastudio.com\/elminicast\/category\/capitulos\/\">Capitulos<\/a>\n\t\t\t\t\t\t\t<\/p>\n\t\t\t\t\t\t\t\t\t\t\t\t<h2 class=\"cs_post_title mb-0 cs_fs_32 cs_white_color\">\n\t\t\t\t\t\t\t<a href=\"https:\/\/littlemediastudio.com\/elminicast\/2025\/09\/04\/saludytecnolgia-2\/\">\n\t\t\t\t\t\t\t\t\t\t\t\t\t\t\t\t\tRenovar iPhone: cu\u00e1ndo cambiar y qu\u00e9 modelo elegir\t\t\t\t\t\t\t\t\t\t\t\t\t\t\t<\/a>\n\t\t\t\t\t\t<\/h2>\n\t\t\t\t\t<\/div>\n\t\t\t\t\t\t\t\t\t\t\t<a href=\"https:\/\/www.youtube.com\/embed\/EaLsa1Jx5yI\" class=\"cs_play_btn_1 cs_primary_color cs_white_bg cs_center cs_video_open\">\n\t\t\t\t\t\t\t<svg width=\"13\" height=\"16\" viewBox=\"0 0 13 16\" fill=\"none\" xmlns=\"http:\/\/www.w3.org\/2000\/svg\">\n\t\t\t\t\t\t\t\t<path d=\"M11.3075 5.48062L5.34625 1.10937C4.88065 0.768425 4.32972 0.563067 3.75454 0.516061C3.17937 0.469055 2.60241 0.582238 2.08762 0.843062C1.57283 1.10389 1.14032 1.50217 0.83803 1.99375C0.535739 2.48534 0.375476 3.05103 0.375004 3.62812V12.375C0.374106 12.9527 0.533532 13.5192 0.835535 14.0117C1.13754 14.5041 1.57027 14.903 2.08556 15.1641C2.60085 15.4252 3.17849 15.5382 3.75417 15.4904C4.32986 15.4427 4.881 15.2361 5.34625 14.8937L11.3075 10.5225C11.7031 10.2322 12.0247 9.85288 12.2464 9.41519C12.4681 8.9775 12.5836 8.49376 12.5836 8.00312C12.5836 7.51249 12.4681 7.02875 12.2464 6.59106C12.0247 6.15337 11.7031 5.77403 11.3075 5.48375V5.48062Z\" fill=\"currentColor\"\/>\n\t\t\t\t\t\t\t<\/svg>                                   \n\t\t\t\t\t\t<\/a>\n\t\t\t\t\t\t\t\t\t<\/div>\n\t\t\t<\/div>\n\t\t\t<\/div>\n\t\t\t<div class=\"cs_hide_mobile\">\n\t\t\t<div class=\"cs_height_130 cs_height_lg_75\"><\/div>\n\t\t\t<div class=\"cs_post_nav\"><span aria-current=\"page\" class=\"page-numbers current\"><div class=\"cs_post_nav_left cs_post_nav_right\"><span class=\"cs_fs_64 cs_primary_color\">01<\/span><\/div><\/span>\n<a class=\"page-numbers\" href=\"https:\/\/littlemediastudio.com\/elminicast\/wp-json\/wp\/v2\/pages\/133\/page\/2\/\"><div class=\"cs_post_nav_left cs_post_nav_right\"><span class=\"cs_fs_64 cs_primary_color\">02<\/span><\/div><\/a>\n<a class=\"page-numbers\" href=\"https:\/\/littlemediastudio.com\/elminicast\/wp-json\/wp\/v2\/pages\/133\/page\/3\/\"><div class=\"cs_post_nav_left cs_post_nav_right\"><span class=\"cs_fs_64 cs_primary_color\">03<\/span><\/div><\/a>\n<a class=\"page-numbers\" href=\"https:\/\/littlemediastudio.com\/elminicast\/wp-json\/wp\/v2\/pages\/133\/page\/4\/\"><div class=\"cs_post_nav_left cs_post_nav_right\"><span class=\"cs_fs_64 cs_primary_color\">04<\/span><\/div><\/a>\n<a class=\"next page-numbers\" href=\"https:\/\/littlemediastudio.com\/elminicast\/wp-json\/wp\/v2\/pages\/133\/page\/2\/\"><div class=\"cs_post_nav_right\"><img decoding=\"async\" src=\"https:\/\/littlemediastudio.com\/elminicast\/wp-content\/themes\/traven\/assets\/img\/right.png\" alt=\"Next\"><\/div><\/a><\/div>\t\t<\/div>\n\t\t<div class=\"cs_height_140 cs_height_lg_80\"><\/div>\n<\/div>\n\n\n\t\t\t\t<\/div>\n\t\t\t\t<\/div>\n\t\t\t\t\t<\/div>\n\t\t\t\t<\/div>\n\t\t\t\t<\/div>\n\t\t","protected":false},"excerpt":{"rendered":"<p>Todos los Cap\u00edtulos del podcasts.. Capitulos Volver al trabajo (sin volverse loco) Capitulos Spring clean digital.. Capitulos C\u00f3mo planificar una semana de creaci\u00f3n de contenidos Capitulos \u00bfD\u00f3nde guardas tus proyectos? Capitulos Llega DaVinci Resolve 20 Capitulos Final Cut Pro 11.1 Capitulos Los AirPods Max suben de nivel&#8230; con cable. Destacados iPhone 16 Pro el equipo [&hellip;]<\/p>\n","protected":false},"author":1,"featured_media":0,"parent":0,"menu_order":0,"comment_status":"closed","ping_status":"closed","template":"elementor_header_footer","meta":{"_monsterinsights_skip_tracking":false,"_monsterinsights_sitenote_active":false,"_monsterinsights_sitenote_note":"","_monsterinsights_sitenote_category":0,"_uf_show_specific_survey":0,"_uf_disable_surveys":false,"footnotes":""},"class_list":["post-133","page","type-page","status-publish","hentry"],"aioseo_notices":[],"_links":{"self":[{"href":"https:\/\/littlemediastudio.com\/elminicast\/wp-json\/wp\/v2\/pages\/133","targetHints":{"allow":["GET"]}}],"collection":[{"href":"https:\/\/littlemediastudio.com\/elminicast\/wp-json\/wp\/v2\/pages"}],"about":[{"href":"https:\/\/littlemediastudio.com\/elminicast\/wp-json\/wp\/v2\/types\/page"}],"author":[{"embeddable":true,"href":"https:\/\/littlemediastudio.com\/elminicast\/wp-json\/wp\/v2\/users\/1"}],"replies":[{"embeddable":true,"href":"https:\/\/littlemediastudio.com\/elminicast\/wp-json\/wp\/v2\/comments?post=133"}],"version-history":[{"count":18,"href":"https:\/\/littlemediastudio.com\/elminicast\/wp-json\/wp\/v2\/pages\/133\/revisions"}],"predecessor-version":[{"id":601,"href":"https:\/\/littlemediastudio.com\/elminicast\/wp-json\/wp\/v2\/pages\/133\/revisions\/601"}],"wp:attachment":[{"href":"https:\/\/littlemediastudio.com\/elminicast\/wp-json\/wp\/v2\/media?parent=133"}],"curies":[{"name":"wp","href":"https:\/\/api.w.org\/{rel}","templated":true}]}}